{"id":4278,"date":"2025-11-14T09:56:54","date_gmt":"2025-11-14T09:56:54","guid":{"rendered":"https:\/\/www.observatorium-dsb.sk\/?page_id=4278"},"modified":"2026-04-10T08:35:31","modified_gmt":"2026-04-10T08:35:31","slug":"teambuilding","status":"publish","type":"page","link":"https:\/\/www.observatorium-dsb.sk\/de\/angebot\/teambuilding\/","title":{"rendered":"Teambuilding"},"content":{"rendered":"<article class=\"text-token-text-primary w-full focus:outline-none [--shadow-height:45px] has-data-writing-block:pointer-events-none has-data-writing-block:-mt-(--shadow-height) has-data-writing-block:pt-(--shadow-height) [&amp;:has([data-writing-block])&gt;*]:pointer-events-auto [content-visibility:auto] supports-[content-visibility:auto]:[contain-intrinsic-size:auto_100lvh] scroll-mt-[calc(var(--header-height)+min(200px,max(70px,20svh)))]\" dir=\"auto\" tabindex=\"-1\" data-turn-id=\"12e6272f-6af9-411a-8a37-3d1c66c5d96c\" data-testid=\"conversation-turn-2\" data-scroll-anchor=\"true\" data-turn=\"assistant\">\n<div class=\"text-base my-auto mx-auto pb-10 [--thread-content-margin:--spacing(4)] thread-sm:[--thread-content-margin:--spacing(6)] thread-lg:[--thread-content-margin:--spacing(16)] px-(--thread-content-margin)\">\n<div class=\"[--thread-content-max-width:40rem] thread-lg:[--thread-content-max-width:48rem] mx-auto max-w-(--thread-content-max-width) flex-1 group\/turn-messages focus-visible:outline-hidden relative flex w-full min-w-0 flex-col agent-turn\" tabindex=\"-1\">\n<div class=\"flex max-w-full flex-col grow\">\n<div class=\"min-h-8 text-message relative flex w-full flex-col items-end gap-2 text-start break-words whitespace-normal [.text-message+&amp;]:mt-1\" dir=\"auto\" data-message-author-role=\"assistant\" data-message-id=\"d28d3473-775d-42d4-b51a-502448af8e75\" data-message-model-slug=\"gpt-5-1\">\n<div class=\"flex w-full flex-col gap-1 empty:hidden first:pt-[1px]\">\n<div class=\"markdown prose dark:prose-invert w-full break-words light markdown-new-styling\">\n<p class=\"paragraph paragraph--normal\" data-start=\"92\" data-end=\"212\"><strong data-start=\"92\" data-end=\"212\">Das DSB-Observatorium \u00f6ffnet seine T\u00fcren f\u00fcr Unternehmen: ein neuer Ort f\u00fcr au\u00dfergew\u00f6hnliche Teambuilding-Erlebnisse<\/strong><\/p>\n<p class=\"paragraph paragraph--normal\" data-start=\"214\" data-end=\"563\">Sind Sie auf der Suche nach einer M\u00f6glichkeit, Ihre KollegInnen aus dem Arbeitsalltag herauszul\u00f6sen und ihnen ein Erlebnis zu bieten, \u00fcber das man noch lange sprechen wird? Die Deutsche Schule Bratislava pr\u00e4sentiert eine besondere Neuigkeit: Ab sofort k\u00f6nnen Firmen- oder private Teambuilding-Veranstaltungen direkt im DSB Observatorium stattfinden.<\/p>\n<p class=\"paragraph paragraph--normal\" data-start=\"565\" data-end=\"921\">Unter der Anleitung erfahrener LektorInnen erhalten Sie einen faszinierenden Einblick in die Geheimnisse des Universums. Sie entdecken Objekte am Nachthimmel, erfahren spannende Erkl\u00e4rungen zu beeindruckenden Himmelsph\u00e4nomenen und erleben im Hintergrund der Sternwarte zus\u00e4tzliche Erscheinungen und interessante Fakten, die im Alltag oft verborgen bleiben.<\/p>\n<p class=\"paragraph paragraph--normal\" data-start=\"923\" data-end=\"1195\">Die besondere Atmosph\u00e4re fernab des Stadtl\u00e4rms, das inspirierende Umfeld und das gemeinsame Entdecken schaffen ideale Bedingungen f\u00fcr kleinere Teams von bis zu 20 Personen. Auf Wunsch organisieren wir gerne ein kleines Catering \u2013 oder Ihr Unternehmen bringt es selbst mit.<\/p>\n<p class=\"paragraph paragraph--normal\" data-start=\"1197\" data-end=\"1435\">Wir freuen uns auf Sie \u2013 und darauf, gemeinsam in die Tiefen des Universums zu blicken. Vielleicht l\u00fcften wir nicht alle seine Geheimnisse, aber wir garantieren: Den Sternen werden Sie hier deutlich n\u00e4her sein als vom B\u00fcrofenster aus.<\/p>\n<p class=\"paragraph paragraph--normal\" data-start=\"1437\" data-end=\"1527\" data-is-last-node=\"\" data-is-only-node=\"\"><strong data-start=\"1437\" data-end=\"1474\">Reservierungen und Informationen:<\/strong><br data-start=\"1474\" data-end=\"1477\" \/><a class=\"decorated-link cursor-pointer\" rel=\"noopener\" data-start=\"1477\" data-end=\"1508\">observatorium@deutscheschule.sk<\/a><br data-start=\"1508\" data-end=\"1511\" \/>+421 948 596 599<\/p>\n<\/div>\n<\/div>\n<\/div>\n<\/div>\n<\/div>\n<\/div>\n<\/article>\n<div><\/div>\n<div><\/div>\n<div><\/div>\n<article class=\"text-token-text-primary w-full focus:outline-none [--shadow-height:45px] has-data-writing-block:pointer-events-none has-data-writing-block:-mt-(--shadow-height) has-data-writing-block:pt-(--shadow-height) [&amp;:has([data-writing-block])&gt;*]:pointer-events-auto [content-visibility:auto] supports-[content-visibility:auto]:[contain-intrinsic-size:auto_100lvh] scroll-mt-[calc(var(--header-height)+min(200px,max(70px,20svh)))]\" dir=\"auto\" tabindex=\"-1\" data-turn-id=\"12e6272f-6af9-411a-8a37-3d1c66c5d96c\" data-testid=\"conversation-turn-2\" data-scroll-anchor=\"true\" data-turn=\"assistant\">\n<div class=\"text-base my-auto mx-auto pb-10 [--thread-content-margin:--spacing(4)] thread-sm:[--thread-content-margin:--spacing(6)] thread-lg:[--thread-content-margin:--spacing(16)] px-(--thread-content-margin)\">\n<div><a href=\"https:\/\/www.observatorium-dsb.sk\/wp-content\/uploads\/2025\/12\/Flyer_Team_EN.jpg\"><img loading=\"lazy\" decoding=\"async\" class=\"alignnone wp-image-4305 size-medium\" src=\"https:\/\/www.observatorium-dsb.sk\/wp-content\/uploads\/2025\/12\/Flyer_Team_EN-212x300.jpg\" alt=\"\" width=\"212\" height=\"300\" srcset=\"https:\/\/www.observatorium-dsb.sk\/wp-content\/uploads\/2025\/12\/Flyer_Team_EN-212x300.jpg 212w, https:\/\/www.observatorium-dsb.sk\/wp-content\/uploads\/2025\/12\/Flyer_Team_EN-722x1024.jpg 722w, https:\/\/www.observatorium-dsb.sk\/wp-content\/uploads\/2025\/12\/Flyer_Team_EN-768x1089.jpg 768w, https:\/\/www.observatorium-dsb.sk\/wp-content\/uploads\/2025\/12\/Flyer_Team_EN-1083x1536.jpg 1083w, https:\/\/www.observatorium-dsb.sk\/wp-content\/uploads\/2025\/12\/Flyer_Team_EN-40x57.jpg 40w, https:\/\/www.observatorium-dsb.sk\/wp-content\/uploads\/2025\/12\/Flyer_Team_EN.jpg 1191w\" sizes=\"auto, (max-width: 212px) 100vw, 212px\" \/><\/a><\/div>\n<\/div>\n<\/article>\n<div class=\"pointer-events-none h-px w-px\" aria-hidden=\"true\" data-edge=\"true\"><\/div>\n","protected":false},"excerpt":{"rendered":"<p>Das DSB-Observatorium \u00f6ffnet seine T\u00fcren f\u00fcr Unternehmen: ein neuer Ort f\u00fcr au\u00dfergew\u00f6hnliche Teambuilding-Erlebnisse Sind Sie auf der Suche nach einer M\u00f6glichkeit, Ihre KollegInnen aus dem Arbeitsalltag herauszul\u00f6sen und ihnen ein Erlebnis zu bieten, \u00fcber das man noch lange sprechen wird? Die Deutsche Schule Bratislava pr\u00e4sentiert eine besondere Neuigkeit: Ab sofort k\u00f6nnen Firmen- oder private Teambuilding-Veranstaltungen [&hellip;]<\/p>\n","protected":false},"author":2,"featured_media":0,"parent":345,"menu_order":0,"comment_status":"closed","ping_status":"closed","template":"page-explore.php","meta":{"inline_featured_image":false,"_uag_custom_page_level_css":"","footnotes":""},"class_list":["post-4278","page","type-page","status-publish","hentry"],"yoast_head":"<!-- This site is optimized with the Yoast SEO plugin v27.3 - https:\/\/yoast.com\/product\/yoast-seo-wordpress\/ -->\n<title>Teambuilding - DSB Observat\u00f3rium<\/title>\n<meta name=\"robots\" content=\"index, follow, max-snippet:-1, max-image-preview:large, max-video-preview:-1\" \/>\n<link rel=\"canonical\" href=\"https:\/\/www.observatorium-dsb.sk\/de\/angebot\/teambuilding\/\" \/>\n<meta property=\"og:locale\" content=\"de_DE\" \/>\n<meta property=\"og:type\" content=\"article\" \/>\n<meta property=\"og:title\" content=\"Teambuilding - DSB Observat\u00f3rium\" \/>\n<meta property=\"og:description\" content=\"Das DSB-Observatorium \u00f6ffnet seine T\u00fcren f\u00fcr Unternehmen: ein neuer Ort f\u00fcr au\u00dfergew\u00f6hnliche Teambuilding-Erlebnisse Sind Sie auf der Suche nach einer M\u00f6glichkeit, Ihre KollegInnen aus dem Arbeitsalltag herauszul\u00f6sen und ihnen ein Erlebnis zu bieten, \u00fcber das man noch lange sprechen wird? Die Deutsche Schule Bratislava pr\u00e4sentiert eine besondere Neuigkeit: Ab sofort k\u00f6nnen Firmen- oder private Teambuilding-Veranstaltungen [&hellip;]\" \/>\n<meta property=\"og:url\" content=\"https:\/\/www.observatorium-dsb.sk\/de\/angebot\/teambuilding\/\" \/>\n<meta property=\"og:site_name\" content=\"DSB Observat\u00f3rium\" \/>\n<meta property=\"article:modified_time\" content=\"2026-04-10T08:35:31+00:00\" \/>\n<meta property=\"og:image\" content=\"https:\/\/www.observatorium-dsb.sk\/wp-content\/uploads\/2025\/12\/Flyer_Team_EN.jpg\" \/>\n\t<meta property=\"og:image:width\" content=\"1191\" \/>\n\t<meta property=\"og:image:height\" content=\"1689\" \/>\n\t<meta property=\"og:image:type\" content=\"image\/jpeg\" \/>\n<meta name=\"twitter:card\" content=\"summary_large_image\" \/>\n<meta name=\"twitter:label1\" content=\"Gesch\u00e4tzte Lesezeit\" \/>\n\t<meta name=\"twitter:data1\" content=\"2\u00a0Minuten\" \/>\n<script type=\"application\/ld+json\" class=\"yoast-schema-graph\">{\"@context\":\"https:\\\/\\\/schema.org\",\"@graph\":[{\"@type\":\"WebPage\",\"@id\":\"https:\\\/\\\/www.observatorium-dsb.sk\\\/de\\\/angebot\\\/teambuilding\\\/\",\"url\":\"https:\\\/\\\/www.observatorium-dsb.sk\\\/de\\\/angebot\\\/teambuilding\\\/\",\"name\":\"Teambuilding - DSB Observat\u00f3rium\",\"isPartOf\":{\"@id\":\"https:\\\/\\\/www.observatorium-dsb.sk\\\/de\\\/#website\"},\"primaryImageOfPage\":{\"@id\":\"https:\\\/\\\/www.observatorium-dsb.sk\\\/de\\\/angebot\\\/teambuilding\\\/#primaryimage\"},\"image\":{\"@id\":\"https:\\\/\\\/www.observatorium-dsb.sk\\\/de\\\/angebot\\\/teambuilding\\\/#primaryimage\"},\"thumbnailUrl\":\"https:\\\/\\\/www.observatorium-dsb.sk\\\/wp-content\\\/uploads\\\/2025\\\/12\\\/Flyer_Team_EN-212x300.jpg\",\"datePublished\":\"2025-11-14T09:56:54+00:00\",\"dateModified\":\"2026-04-10T08:35:31+00:00\",\"breadcrumb\":{\"@id\":\"https:\\\/\\\/www.observatorium-dsb.sk\\\/de\\\/angebot\\\/teambuilding\\\/#breadcrumb\"},\"inLanguage\":\"de\",\"potentialAction\":[{\"@type\":\"ReadAction\",\"target\":[\"https:\\\/\\\/www.observatorium-dsb.sk\\\/de\\\/angebot\\\/teambuilding\\\/\"]}]},{\"@type\":\"ImageObject\",\"inLanguage\":\"de\",\"@id\":\"https:\\\/\\\/www.observatorium-dsb.sk\\\/de\\\/angebot\\\/teambuilding\\\/#primaryimage\",\"url\":\"https:\\\/\\\/www.observatorium-dsb.sk\\\/wp-content\\\/uploads\\\/2025\\\/12\\\/Flyer_Team_EN-212x300.jpg\",\"contentUrl\":\"https:\\\/\\\/www.observatorium-dsb.sk\\\/wp-content\\\/uploads\\\/2025\\\/12\\\/Flyer_Team_EN-212x300.jpg\"},{\"@type\":\"BreadcrumbList\",\"@id\":\"https:\\\/\\\/www.observatorium-dsb.sk\\\/de\\\/angebot\\\/teambuilding\\\/#breadcrumb\",\"itemListElement\":[{\"@type\":\"ListItem\",\"position\":1,\"name\":\"Domovsk\u00e1 str\u00e1nka\",\"item\":\"https:\\\/\\\/www.observatorium-dsb.sk\\\/de\\\/\"},{\"@type\":\"ListItem\",\"position\":2,\"name\":\"Angebot\",\"item\":\"https:\\\/\\\/www.observatorium-dsb.sk\\\/de\\\/angebot\\\/\"},{\"@type\":\"ListItem\",\"position\":3,\"name\":\"Teambuilding\"}]},{\"@type\":\"WebSite\",\"@id\":\"https:\\\/\\\/www.observatorium-dsb.sk\\\/de\\\/#website\",\"url\":\"https:\\\/\\\/www.observatorium-dsb.sk\\\/de\\\/\",\"name\":\"DSB Observat\u00f3rium\",\"description\":\"\",\"publisher\":{\"@id\":\"https:\\\/\\\/www.observatorium-dsb.sk\\\/de\\\/#organization\"},\"potentialAction\":[{\"@type\":\"SearchAction\",\"target\":{\"@type\":\"EntryPoint\",\"urlTemplate\":\"https:\\\/\\\/www.observatorium-dsb.sk\\\/de\\\/?s={search_term_string}\"},\"query-input\":{\"@type\":\"PropertyValueSpecification\",\"valueRequired\":true,\"valueName\":\"search_term_string\"}}],\"inLanguage\":\"de\"},{\"@type\":\"Organization\",\"@id\":\"https:\\\/\\\/www.observatorium-dsb.sk\\\/de\\\/#organization\",\"name\":\"DSB Observat\u00f3rium\",\"url\":\"https:\\\/\\\/www.observatorium-dsb.sk\\\/de\\\/\",\"logo\":{\"@type\":\"ImageObject\",\"inLanguage\":\"de\",\"@id\":\"https:\\\/\\\/www.observatorium-dsb.sk\\\/de\\\/#\\\/schema\\\/logo\\\/image\\\/\",\"url\":\"https:\\\/\\\/www.observatorium-dsb.sk\\\/wp-content\\\/uploads\\\/2024\\\/11\\\/logo_black.svg\",\"contentUrl\":\"https:\\\/\\\/www.observatorium-dsb.sk\\\/wp-content\\\/uploads\\\/2024\\\/11\\\/logo_black.svg\",\"width\":800,\"height\":96,\"caption\":\"DSB Observat\u00f3rium\"},\"image\":{\"@id\":\"https:\\\/\\\/www.observatorium-dsb.sk\\\/de\\\/#\\\/schema\\\/logo\\\/image\\\/\"}}]}<\/script>\n<!-- \/ Yoast SEO plugin. -->","yoast_head_json":{"title":"Teambuilding - DSB Observat\u00f3rium","robots":{"index":"index","follow":"follow","max-snippet":"max-snippet:-1","max-image-preview":"max-image-preview:large","max-video-preview":"max-video-preview:-1"},"canonical":"https:\/\/www.observatorium-dsb.sk\/de\/angebot\/teambuilding\/","og_locale":"de_DE","og_type":"article","og_title":"Teambuilding - DSB Observat\u00f3rium","og_description":"Das DSB-Observatorium \u00f6ffnet seine T\u00fcren f\u00fcr Unternehmen: ein neuer Ort f\u00fcr au\u00dfergew\u00f6hnliche Teambuilding-Erlebnisse Sind Sie auf der Suche nach einer M\u00f6glichkeit, Ihre KollegInnen aus dem Arbeitsalltag herauszul\u00f6sen und ihnen ein Erlebnis zu bieten, \u00fcber das man noch lange sprechen wird? Die Deutsche Schule Bratislava pr\u00e4sentiert eine besondere Neuigkeit: Ab sofort k\u00f6nnen Firmen- oder private Teambuilding-Veranstaltungen [&hellip;]","og_url":"https:\/\/www.observatorium-dsb.sk\/de\/angebot\/teambuilding\/","og_site_name":"DSB Observat\u00f3rium","article_modified_time":"2026-04-10T08:35:31+00:00","og_image":[{"width":1191,"height":1689,"url":"https:\/\/www.observatorium-dsb.sk\/wp-content\/uploads\/2025\/12\/Flyer_Team_EN.jpg","type":"image\/jpeg"}],"twitter_card":"summary_large_image","twitter_misc":{"Gesch\u00e4tzte Lesezeit":"2\u00a0Minuten"},"schema":{"@context":"https:\/\/schema.org","@graph":[{"@type":"WebPage","@id":"https:\/\/www.observatorium-dsb.sk\/de\/angebot\/teambuilding\/","url":"https:\/\/www.observatorium-dsb.sk\/de\/angebot\/teambuilding\/","name":"Teambuilding - DSB Observat\u00f3rium","isPartOf":{"@id":"https:\/\/www.observatorium-dsb.sk\/de\/#website"},"primaryImageOfPage":{"@id":"https:\/\/www.observatorium-dsb.sk\/de\/angebot\/teambuilding\/#primaryimage"},"image":{"@id":"https:\/\/www.observatorium-dsb.sk\/de\/angebot\/teambuilding\/#primaryimage"},"thumbnailUrl":"https:\/\/www.observatorium-dsb.sk\/wp-content\/uploads\/2025\/12\/Flyer_Team_EN-212x300.jpg","datePublished":"2025-11-14T09:56:54+00:00","dateModified":"2026-04-10T08:35:31+00:00","breadcrumb":{"@id":"https:\/\/www.observatorium-dsb.sk\/de\/angebot\/teambuilding\/#breadcrumb"},"inLanguage":"de","potentialAction":[{"@type":"ReadAction","target":["https:\/\/www.observatorium-dsb.sk\/de\/angebot\/teambuilding\/"]}]},{"@type":"ImageObject","inLanguage":"de","@id":"https:\/\/www.observatorium-dsb.sk\/de\/angebot\/teambuilding\/#primaryimage","url":"https:\/\/www.observatorium-dsb.sk\/wp-content\/uploads\/2025\/12\/Flyer_Team_EN-212x300.jpg","contentUrl":"https:\/\/www.observatorium-dsb.sk\/wp-content\/uploads\/2025\/12\/Flyer_Team_EN-212x300.jpg"},{"@type":"BreadcrumbList","@id":"https:\/\/www.observatorium-dsb.sk\/de\/angebot\/teambuilding\/#breadcrumb","itemListElement":[{"@type":"ListItem","position":1,"name":"Domovsk\u00e1 str\u00e1nka","item":"https:\/\/www.observatorium-dsb.sk\/de\/"},{"@type":"ListItem","position":2,"name":"Angebot","item":"https:\/\/www.observatorium-dsb.sk\/de\/angebot\/"},{"@type":"ListItem","position":3,"name":"Teambuilding"}]},{"@type":"WebSite","@id":"https:\/\/www.observatorium-dsb.sk\/de\/#website","url":"https:\/\/www.observatorium-dsb.sk\/de\/","name":"DSB Observat\u00f3rium","description":"","publisher":{"@id":"https:\/\/www.observatorium-dsb.sk\/de\/#organization"},"potentialAction":[{"@type":"SearchAction","target":{"@type":"EntryPoint","urlTemplate":"https:\/\/www.observatorium-dsb.sk\/de\/?s={search_term_string}"},"query-input":{"@type":"PropertyValueSpecification","valueRequired":true,"valueName":"search_term_string"}}],"inLanguage":"de"},{"@type":"Organization","@id":"https:\/\/www.observatorium-dsb.sk\/de\/#organization","name":"DSB Observat\u00f3rium","url":"https:\/\/www.observatorium-dsb.sk\/de\/","logo":{"@type":"ImageObject","inLanguage":"de","@id":"https:\/\/www.observatorium-dsb.sk\/de\/#\/schema\/logo\/image\/","url":"https:\/\/www.observatorium-dsb.sk\/wp-content\/uploads\/2024\/11\/logo_black.svg","contentUrl":"https:\/\/www.observatorium-dsb.sk\/wp-content\/uploads\/2024\/11\/logo_black.svg","width":800,"height":96,"caption":"DSB Observat\u00f3rium"},"image":{"@id":"https:\/\/www.observatorium-dsb.sk\/de\/#\/schema\/logo\/image\/"}}]}},"uagb_featured_image_src":{"full":false,"thumbnail":false,"medium":false,"medium_large":false,"large":false,"1536x1536":false,"2048x2048":false,"nrtv-logo":false},"uagb_author_info":{"display_name":"deutscheschule","author_link":"https:\/\/www.observatorium-dsb.sk\/de\/author\/deutscheschule\/"},"uagb_comment_info":0,"uagb_excerpt":"Das DSB-Observatorium \u00f6ffnet seine T\u00fcren f\u00fcr Unternehmen: ein neuer Ort f\u00fcr au\u00dfergew\u00f6hnliche Teambuilding-Erlebnisse Sind Sie auf der Suche nach einer M\u00f6glichkeit, Ihre KollegInnen aus dem Arbeitsalltag herauszul\u00f6sen und ihnen ein Erlebnis zu bieten, \u00fcber das man noch lange sprechen wird? Die Deutsche Schule Bratislava pr\u00e4sentiert eine besondere Neuigkeit: Ab sofort k\u00f6nnen Firmen- oder private Teambuilding-Veranstaltungen&hellip;","acf":[],"_links":{"self":[{"href":"https:\/\/www.observatorium-dsb.sk\/de\/wp-json\/wp\/v2\/pages\/4278","targetHints":{"allow":["GET"]}}],"collection":[{"href":"https:\/\/www.observatorium-dsb.sk\/de\/wp-json\/wp\/v2\/pages"}],"about":[{"href":"https:\/\/www.observatorium-dsb.sk\/de\/wp-json\/wp\/v2\/types\/page"}],"author":[{"embeddable":true,"href":"https:\/\/www.observatorium-dsb.sk\/de\/wp-json\/wp\/v2\/users\/2"}],"replies":[{"embeddable":true,"href":"https:\/\/www.observatorium-dsb.sk\/de\/wp-json\/wp\/v2\/comments?post=4278"}],"version-history":[{"count":7,"href":"https:\/\/www.observatorium-dsb.sk\/de\/wp-json\/wp\/v2\/pages\/4278\/revisions"}],"predecessor-version":[{"id":4446,"href":"https:\/\/www.observatorium-dsb.sk\/de\/wp-json\/wp\/v2\/pages\/4278\/revisions\/4446"}],"up":[{"embeddable":true,"href":"https:\/\/www.observatorium-dsb.sk\/de\/wp-json\/wp\/v2\/pages\/345"}],"wp:attachment":[{"href":"https:\/\/www.observatorium-dsb.sk\/de\/wp-json\/wp\/v2\/media?parent=4278"}],"curies":[{"name":"wp","href":"https:\/\/api.w.org\/{rel}","templated":true}]}}