{"id":3749,"date":"2025-02-14T17:35:43","date_gmt":"2025-02-14T17:35:43","guid":{"rendered":"https:\/\/www.observatorium-dsb.sk\/zasady-pouzivania-suborov-cookie\/"},"modified":"2025-03-21T12:26:44","modified_gmt":"2025-03-21T12:26:44","slug":"cookie-richtlinie","status":"publish","type":"page","link":"https:\/\/www.observatorium-dsb.sk\/de\/cookie-richtlinie\/","title":{"rendered":"Cookie-Richtlinie"},"content":{"rendered":"\n\n\n<h3 class=\"heading heading--4\" class=\"wp-block-heading\">Allgemeine Stellungnahme<\/h3>\n\n\n\n<p class=\"paragraph paragraph--normal\">Die auf dieser Website ver\u00f6ffentlichten Informationen wurden mit gr\u00f6\u00dfter Sorgfalt erstellt. Dennoch garantieren weder das DSB Observatorium noch die Deutsche Schule Bratislava die vollst\u00e4ndige Richtigkeit, Aktualit\u00e4t oder Vollst\u00e4ndigkeit des Inhalts. Die Schule beh\u00e4lt sich das Recht vor, Informationen ohne vorherige Ank\u00fcndigung zu \u00e4ndern oder zu aktualisieren. Die Schule \u00fcbernimmt keine Verantwortung f\u00fcr direkte oder indirekte Sch\u00e4den, die durch die Nutzung der Informationen auf dieser Seite entstehen.<\/p>\n\n\n\n<p class=\"paragraph paragraph--normal\"><strong>Allgemeine inhaltliche Verantwortung<\/strong><br>Betreiber dieser Webseite ist die Deutsche Schule Bratislava.<br>Dieses Online-Angebot besteht aus eigenen und teilweise aus fremden redaktionellen Inhalten von verlinkten Seiten. F\u00fcr den Inhalt und die Richtigkeit \u00fcbernehmen wir keine Haftung. Wir distanzieren uns ausdr\u00fccklich vom Inhalt anderer Redaktionen, auf die Verlinkungen bestehen, und zwar auf der Grundlage des Urteils des Landgerichts Hamburg vom 12. Mai 1998. F\u00fcr alle Links gilt: Die Deutsche Schule Bratislava hat keinen Einfluss auf den Inhalt und die Gestaltung der verlinkten Seiten. Die Nutzung von Links, die auf Seiten au\u00dferhalb von deutscheschule.sk f\u00fchren, erfolgt auf eigene Verantwortung der Nutzer.<\/p>\n\n\n\n<p class=\"paragraph paragraph--normal\"><strong>Urheberrecht<br><\/strong>Das Layout der Homepage, die verwendeten Grafiken sowie die Sammlung der Beitr\u00e4ge sind urheberrechtlich gesch\u00fctzt. Die Seiten d\u00fcrfen nur zum privaten\/schulischen Gebrauch vervielf\u00e4ltigt werden, \u00c4nderungen d\u00fcrfen nicht vorgenommen werden und Vervielf\u00e4ltigungsst\u00fccke d\u00fcrfen ohne Genehmigung nicht verbreitet werden.<\/p>\n","protected":false},"excerpt":{"rendered":"<p>Allgemeine Stellungnahme Die auf dieser Website ver\u00f6ffentlichten Informationen wurden mit gr\u00f6\u00dfter Sorgfalt erstellt. Dennoch garantieren weder das DSB Observatorium noch die Deutsche Schule Bratislava die vollst\u00e4ndige Richtigkeit, Aktualit\u00e4t oder Vollst\u00e4ndigkeit des Inhalts. Die Schule beh\u00e4lt sich das Recht vor, Informationen ohne vorherige Ank\u00fcndigung zu \u00e4ndern oder zu aktualisieren. Die Schule \u00fcbernimmt keine Verantwortung f\u00fcr direkte [&hellip;]<\/p>\n","protected":false},"author":11,"featured_media":0,"parent":0,"menu_order":0,"comment_status":"closed","ping_status":"closed","template":"","meta":{"inline_featured_image":false,"_uag_custom_page_level_css":"","footnotes":""},"class_list":["post-3749","page","type-page","status-publish","hentry"],"yoast_head":"<!-- This site is optimized with the Yoast SEO plugin v27.3 - https:\/\/yoast.com\/product\/yoast-seo-wordpress\/ -->\n<title>Cookie-Richtlinie - DSB Observat\u00f3rium<\/title>\n<meta name=\"robots\" content=\"index, follow, max-snippet:-1, max-image-preview:large, max-video-preview:-1\" \/>\n<link rel=\"canonical\" href=\"https:\/\/www.observatorium-dsb.sk\/de\/cookie-richtlinie\/\" \/>\n<meta property=\"og:locale\" content=\"de_DE\" \/>\n<meta property=\"og:type\" content=\"article\" \/>\n<meta property=\"og:title\" content=\"Cookie-Richtlinie - DSB Observat\u00f3rium\" \/>\n<meta property=\"og:description\" content=\"Allgemeine Stellungnahme Die auf dieser Website ver\u00f6ffentlichten Informationen wurden mit gr\u00f6\u00dfter Sorgfalt erstellt. Dennoch garantieren weder das DSB Observatorium noch die Deutsche Schule Bratislava die vollst\u00e4ndige Richtigkeit, Aktualit\u00e4t oder Vollst\u00e4ndigkeit des Inhalts. Die Schule beh\u00e4lt sich das Recht vor, Informationen ohne vorherige Ank\u00fcndigung zu \u00e4ndern oder zu aktualisieren. Die Schule \u00fcbernimmt keine Verantwortung f\u00fcr direkte [&hellip;]\" \/>\n<meta property=\"og:url\" content=\"https:\/\/www.observatorium-dsb.sk\/de\/cookie-richtlinie\/\" \/>\n<meta property=\"og:site_name\" content=\"DSB Observat\u00f3rium\" \/>\n<meta property=\"article:modified_time\" content=\"2025-03-21T12:26:44+00:00\" \/>\n<meta name=\"twitter:card\" content=\"summary_large_image\" \/>\n<meta name=\"twitter:label1\" content=\"Gesch\u00e4tzte Lesezeit\" \/>\n\t<meta name=\"twitter:data1\" content=\"2\u00a0Minuten\" \/>\n<script type=\"application\/ld+json\" class=\"yoast-schema-graph\">{\"@context\":\"https:\\\/\\\/schema.org\",\"@graph\":[{\"@type\":\"WebPage\",\"@id\":\"https:\\\/\\\/www.observatorium-dsb.sk\\\/de\\\/cookie-richtlinie\\\/\",\"url\":\"https:\\\/\\\/www.observatorium-dsb.sk\\\/de\\\/cookie-richtlinie\\\/\",\"name\":\"Cookie-Richtlinie - DSB Observat\u00f3rium\",\"isPartOf\":{\"@id\":\"https:\\\/\\\/www.observatorium-dsb.sk\\\/de\\\/#website\"},\"datePublished\":\"2025-02-14T17:35:43+00:00\",\"dateModified\":\"2025-03-21T12:26:44+00:00\",\"breadcrumb\":{\"@id\":\"https:\\\/\\\/www.observatorium-dsb.sk\\\/de\\\/cookie-richtlinie\\\/#breadcrumb\"},\"inLanguage\":\"de\",\"potentialAction\":[{\"@type\":\"ReadAction\",\"target\":[\"https:\\\/\\\/www.observatorium-dsb.sk\\\/de\\\/cookie-richtlinie\\\/\"]}]},{\"@type\":\"BreadcrumbList\",\"@id\":\"https:\\\/\\\/www.observatorium-dsb.sk\\\/de\\\/cookie-richtlinie\\\/#breadcrumb\",\"itemListElement\":[{\"@type\":\"ListItem\",\"position\":1,\"name\":\"Domovsk\u00e1 str\u00e1nka\",\"item\":\"https:\\\/\\\/www.observatorium-dsb.sk\\\/de\\\/\"},{\"@type\":\"ListItem\",\"position\":2,\"name\":\"Cookie-Richtlinie\"}]},{\"@type\":\"WebSite\",\"@id\":\"https:\\\/\\\/www.observatorium-dsb.sk\\\/de\\\/#website\",\"url\":\"https:\\\/\\\/www.observatorium-dsb.sk\\\/de\\\/\",\"name\":\"DSB Observat\u00f3rium\",\"description\":\"\",\"publisher\":{\"@id\":\"https:\\\/\\\/www.observatorium-dsb.sk\\\/de\\\/#organization\"},\"potentialAction\":[{\"@type\":\"SearchAction\",\"target\":{\"@type\":\"EntryPoint\",\"urlTemplate\":\"https:\\\/\\\/www.observatorium-dsb.sk\\\/de\\\/?s={search_term_string}\"},\"query-input\":{\"@type\":\"PropertyValueSpecification\",\"valueRequired\":true,\"valueName\":\"search_term_string\"}}],\"inLanguage\":\"de\"},{\"@type\":\"Organization\",\"@id\":\"https:\\\/\\\/www.observatorium-dsb.sk\\\/de\\\/#organization\",\"name\":\"DSB Observat\u00f3rium\",\"url\":\"https:\\\/\\\/www.observatorium-dsb.sk\\\/de\\\/\",\"logo\":{\"@type\":\"ImageObject\",\"inLanguage\":\"de\",\"@id\":\"https:\\\/\\\/www.observatorium-dsb.sk\\\/de\\\/#\\\/schema\\\/logo\\\/image\\\/\",\"url\":\"https:\\\/\\\/www.observatorium-dsb.sk\\\/wp-content\\\/uploads\\\/2024\\\/11\\\/logo_black.svg\",\"contentUrl\":\"https:\\\/\\\/www.observatorium-dsb.sk\\\/wp-content\\\/uploads\\\/2024\\\/11\\\/logo_black.svg\",\"width\":800,\"height\":96,\"caption\":\"DSB Observat\u00f3rium\"},\"image\":{\"@id\":\"https:\\\/\\\/www.observatorium-dsb.sk\\\/de\\\/#\\\/schema\\\/logo\\\/image\\\/\"}}]}<\/script>\n<!-- \/ Yoast SEO plugin. -->","yoast_head_json":{"title":"Cookie-Richtlinie - DSB Observat\u00f3rium","robots":{"index":"index","follow":"follow","max-snippet":"max-snippet:-1","max-image-preview":"max-image-preview:large","max-video-preview":"max-video-preview:-1"},"canonical":"https:\/\/www.observatorium-dsb.sk\/de\/cookie-richtlinie\/","og_locale":"de_DE","og_type":"article","og_title":"Cookie-Richtlinie - DSB Observat\u00f3rium","og_description":"Allgemeine Stellungnahme Die auf dieser Website ver\u00f6ffentlichten Informationen wurden mit gr\u00f6\u00dfter Sorgfalt erstellt. Dennoch garantieren weder das DSB Observatorium noch die Deutsche Schule Bratislava die vollst\u00e4ndige Richtigkeit, Aktualit\u00e4t oder Vollst\u00e4ndigkeit des Inhalts. Die Schule beh\u00e4lt sich das Recht vor, Informationen ohne vorherige Ank\u00fcndigung zu \u00e4ndern oder zu aktualisieren. Die Schule \u00fcbernimmt keine Verantwortung f\u00fcr direkte [&hellip;]","og_url":"https:\/\/www.observatorium-dsb.sk\/de\/cookie-richtlinie\/","og_site_name":"DSB Observat\u00f3rium","article_modified_time":"2025-03-21T12:26:44+00:00","twitter_card":"summary_large_image","twitter_misc":{"Gesch\u00e4tzte Lesezeit":"2\u00a0Minuten"},"schema":{"@context":"https:\/\/schema.org","@graph":[{"@type":"WebPage","@id":"https:\/\/www.observatorium-dsb.sk\/de\/cookie-richtlinie\/","url":"https:\/\/www.observatorium-dsb.sk\/de\/cookie-richtlinie\/","name":"Cookie-Richtlinie - DSB Observat\u00f3rium","isPartOf":{"@id":"https:\/\/www.observatorium-dsb.sk\/de\/#website"},"datePublished":"2025-02-14T17:35:43+00:00","dateModified":"2025-03-21T12:26:44+00:00","breadcrumb":{"@id":"https:\/\/www.observatorium-dsb.sk\/de\/cookie-richtlinie\/#breadcrumb"},"inLanguage":"de","potentialAction":[{"@type":"ReadAction","target":["https:\/\/www.observatorium-dsb.sk\/de\/cookie-richtlinie\/"]}]},{"@type":"BreadcrumbList","@id":"https:\/\/www.observatorium-dsb.sk\/de\/cookie-richtlinie\/#breadcrumb","itemListElement":[{"@type":"ListItem","position":1,"name":"Domovsk\u00e1 str\u00e1nka","item":"https:\/\/www.observatorium-dsb.sk\/de\/"},{"@type":"ListItem","position":2,"name":"Cookie-Richtlinie"}]},{"@type":"WebSite","@id":"https:\/\/www.observatorium-dsb.sk\/de\/#website","url":"https:\/\/www.observatorium-dsb.sk\/de\/","name":"DSB Observat\u00f3rium","description":"","publisher":{"@id":"https:\/\/www.observatorium-dsb.sk\/de\/#organization"},"potentialAction":[{"@type":"SearchAction","target":{"@type":"EntryPoint","urlTemplate":"https:\/\/www.observatorium-dsb.sk\/de\/?s={search_term_string}"},"query-input":{"@type":"PropertyValueSpecification","valueRequired":true,"valueName":"search_term_string"}}],"inLanguage":"de"},{"@type":"Organization","@id":"https:\/\/www.observatorium-dsb.sk\/de\/#organization","name":"DSB Observat\u00f3rium","url":"https:\/\/www.observatorium-dsb.sk\/de\/","logo":{"@type":"ImageObject","inLanguage":"de","@id":"https:\/\/www.observatorium-dsb.sk\/de\/#\/schema\/logo\/image\/","url":"https:\/\/www.observatorium-dsb.sk\/wp-content\/uploads\/2024\/11\/logo_black.svg","contentUrl":"https:\/\/www.observatorium-dsb.sk\/wp-content\/uploads\/2024\/11\/logo_black.svg","width":800,"height":96,"caption":"DSB Observat\u00f3rium"},"image":{"@id":"https:\/\/www.observatorium-dsb.sk\/de\/#\/schema\/logo\/image\/"}}]}},"uagb_featured_image_src":{"full":false,"thumbnail":false,"medium":false,"medium_large":false,"large":false,"1536x1536":false,"2048x2048":false,"nrtv-logo":false},"uagb_author_info":{"display_name":"ondrej","author_link":"https:\/\/www.observatorium-dsb.sk\/de\/author\/ondrej\/"},"uagb_comment_info":0,"uagb_excerpt":"Allgemeine Stellungnahme Die auf dieser Website ver\u00f6ffentlichten Informationen wurden mit gr\u00f6\u00dfter Sorgfalt erstellt. Dennoch garantieren weder das DSB Observatorium noch die Deutsche Schule Bratislava die vollst\u00e4ndige Richtigkeit, Aktualit\u00e4t oder Vollst\u00e4ndigkeit des Inhalts. Die Schule beh\u00e4lt sich das Recht vor, Informationen ohne vorherige Ank\u00fcndigung zu \u00e4ndern oder zu aktualisieren. Die Schule \u00fcbernimmt keine Verantwortung f\u00fcr direkte&hellip;","acf":[],"_links":{"self":[{"href":"https:\/\/www.observatorium-dsb.sk\/de\/wp-json\/wp\/v2\/pages\/3749","targetHints":{"allow":["GET"]}}],"collection":[{"href":"https:\/\/www.observatorium-dsb.sk\/de\/wp-json\/wp\/v2\/pages"}],"about":[{"href":"https:\/\/www.observatorium-dsb.sk\/de\/wp-json\/wp\/v2\/types\/page"}],"author":[{"embeddable":true,"href":"https:\/\/www.observatorium-dsb.sk\/de\/wp-json\/wp\/v2\/users\/11"}],"replies":[{"embeddable":true,"href":"https:\/\/www.observatorium-dsb.sk\/de\/wp-json\/wp\/v2\/comments?post=3749"}],"version-history":[{"count":2,"href":"https:\/\/www.observatorium-dsb.sk\/de\/wp-json\/wp\/v2\/pages\/3749\/revisions"}],"predecessor-version":[{"id":3751,"href":"https:\/\/www.observatorium-dsb.sk\/de\/wp-json\/wp\/v2\/pages\/3749\/revisions\/3751"}],"wp:attachment":[{"href":"https:\/\/www.observatorium-dsb.sk\/de\/wp-json\/wp\/v2\/media?parent=3749"}],"curies":[{"name":"wp","href":"https:\/\/api.w.org\/{rel}","templated":true}]}}